{"id":17819,"date":"2025-08-16T01:49:43","date_gmt":"2025-08-16T01:49:43","guid":{"rendered":"https:\/\/orickmedicosarl.com\/?post_type=product&#038;p=17819"},"modified":"2025-08-16T01:49:43","modified_gmt":"2025-08-16T01:49:43","slug":"probe-cleaner","status":"publish","type":"product","link":"https:\/\/orickmedicosarl.com\/index.php\/product\/probe-cleaner\/","title":{"rendered":"Probe cleaner"},"content":{"rendered":"<p>Le &#8220;Probe Cleaner URIT&#8221; es un r\u00e9actif de nettoyage utilis\u00e9 sp\u00e9cifiquement pour les analyseurs d&#8217;h\u00e9matologie URIT.<br \/>\nCaract\u00e9ristiques principales :<\/p>\n<p>Type de produit : Nettoyant de sonde (Probe Cleaner).<br \/>\nMod\u00e8le : URIT D43.<br \/>\nVolume : 100 ml.<br \/>\nFonction : Il est con\u00e7u pour effectuer des nettoyages de routine des \u00e9quipements d&#8217;h\u00e9matologie, aidant \u00e0 \u00e9liminer les caillots ou les r\u00e9sidus de sang qui peuvent rester dans le syst\u00e8me.<\/p>\n<p>Compatibilit\u00e9 : Il est appropri\u00e9 pour la s\u00e9rie d&#8217;analyseurs d&#8217;h\u00e9matologie automatis\u00e9s URIT.<br \/>\nConditions de stockage : Il doit \u00eatre conserv\u00e9 \u00e0 une temp\u00e9rature de 2 \u00e0 40 \u2103 et \u00e0 l&#8217;abri de la lumi\u00e8re directe du soleil.<\/p>\n","protected":false},"excerpt":{"rendered":"<p>Le &#8220;Probe Cleaner URIT&#8221; es un r\u00e9actif de nettoyage utilis\u00e9 sp\u00e9cifiquement pour les analyseurs d&#8217;h\u00e9matologie URIT.<br \/>\nCaract\u00e9ristiques principales :<\/p>\n<p>Type de produit : Nettoyant de sonde (Probe Cleaner).<br \/>\nMod\u00e8le : URIT D43.<br \/>\nVolume : 100 ml.<br \/>\nFonction : Il est con\u00e7u pour effectuer des nettoyages de routine des \u00e9quipements d&#8217;h\u00e9matologie, aidant \u00e0 \u00e9liminer les caillots ou les r\u00e9sidus de sang qui peuvent rester dans le syst\u00e8me.<\/p>\n<p>Compatibilit\u00e9 : Il est appropri\u00e9 pour la s\u00e9rie d&#8217;analyseurs d&#8217;h\u00e9matologie automatis\u00e9s URIT.<br \/>\nConditions de stockage : Il doit \u00eatre conserv\u00e9 \u00e0 une temp\u00e9rature de 2 \u00e0 40 \u2103 et \u00e0 l&#8217;abri de la lumi\u00e8re directe du soleil.<\/p>\n","protected":false},"featured_media":17820,"comment_status":"open","ping_status":"closed","template":"","meta":[],"product_brand":[202],"product_cat":[167],"product_tag":[],"class_list":{"0":"post-17819","1":"product","2":"type-product","3":"status-publish","4":"has-post-thumbnail","6":"product_brand-urit","7":"product_cat-consumables","9":"first","10":"instock","11":"taxable","12":"shipping-taxable","13":"product-type-simple"},"_links":{"self":[{"href":"https:\/\/orickmedicosarl.com\/index.php\/wp-json\/wp\/v2\/product\/17819","targetHints":{"allow":["GET"]}}],"collection":[{"href":"https:\/\/orickmedicosarl.com\/index.php\/wp-json\/wp\/v2\/product"}],"about":[{"href":"https:\/\/orickmedicosarl.com\/index.php\/wp-json\/wp\/v2\/types\/product"}],"replies":[{"embeddable":true,"href":"https:\/\/orickmedicosarl.com\/index.php\/wp-json\/wp\/v2\/comments?post=17819"}],"version-history":[{"count":1,"href":"https:\/\/orickmedicosarl.com\/index.php\/wp-json\/wp\/v2\/product\/17819\/revisions"}],"predecessor-version":[{"id":17821,"href":"https:\/\/orickmedicosarl.com\/index.php\/wp-json\/wp\/v2\/product\/17819\/revisions\/17821"}],"wp:featuredmedia":[{"embeddable":true,"href":"https:\/\/orickmedicosarl.com\/index.php\/wp-json\/wp\/v2\/media\/17820"}],"wp:attachment":[{"href":"https:\/\/orickmedicosarl.com\/index.php\/wp-json\/wp\/v2\/media?parent=17819"}],"wp:term":[{"taxonomy":"product_brand","embeddable":true,"href":"https:\/\/orickmedicosarl.com\/index.php\/wp-json\/wp\/v2\/product_brand?post=17819"},{"taxonomy":"product_cat","embeddable":true,"href":"https:\/\/orickmedicosarl.com\/index.php\/wp-json\/wp\/v2\/product_cat?post=17819"},{"taxonomy":"product_tag","embeddable":true,"href":"https:\/\/orickmedicosarl.com\/index.php\/wp-json\/wp\/v2\/product_tag?post=17819"}],"curies":[{"name":"wp","href":"https:\/\/api.w.org\/{rel}","templated":true}]}}