{"id":17828,"date":"2025-08-16T01:53:45","date_gmt":"2025-08-16T01:53:45","guid":{"rendered":"https:\/\/orickmedicosarl.com\/?post_type=product&#038;p=17828"},"modified":"2025-08-16T01:53:45","modified_gmt":"2025-08-16T01:53:45","slug":"draps-dexamen","status":"publish","type":"product","link":"https:\/\/orickmedicosarl.com\/index.php\/product\/draps-dexamen\/","title":{"rendered":"Draps d&#8217;examen"},"content":{"rendered":"<p>Les draps d&#8217;examen, couramment utilis\u00e9s dans les milieux m\u00e9dicaux ou esth\u00e9tiques pour recouvrir les tables ou divans d&#8217;examen.<\/p>\n<p>Caract\u00e9ristiques g\u00e9n\u00e9rales des draps d&#8217;examen :<\/p>\n<p>Mat\u00e9riaux:<br \/>\nG\u00e9n\u00e9ralement fabriqu\u00e9s en pure ouate de cellulose, parfois avec plusieurs plis (ex: 2 plis) pour une meilleure absorption et r\u00e9sistance. Certains peuvent \u00eatre plastifi\u00e9s pour une imperm\u00e9abilit\u00e9 accrue.<br \/>\nDimensions :<br \/>\nDisponibles en diff\u00e9rentes laizes (largeurs), couramment 50 cm ou 50 cm, et en rouleaux de diverses longueurs, souvent pr\u00e9d\u00e9coup\u00e9s en formats standards , pour faciliter l&#8217;utilisation et l&#8217;hygi\u00e8ne.<\/p>\n<p>Type :<br \/>\nSont lisses pour une meilleure tenue et absorption.<\/p>\n<p>Hygi\u00e8ne :<br \/>\nCon\u00e7us pour un usage unique afin de garantir une propret\u00e9 maximale et pr\u00e9venir la contamination crois\u00e9e entre les patients.<\/p>\n<p>Conditionnement :<br \/>\nSouvent vendus en cartons contenant plusieurs rouleaux.<\/p>\n","protected":false},"excerpt":{"rendered":"<p>Les draps d&#8217;examen, couramment utilis\u00e9s dans les milieux m\u00e9dicaux ou esth\u00e9tiques pour recouvrir les tables ou divans d&#8217;examen.<\/p>\n<p>Caract\u00e9ristiques g\u00e9n\u00e9rales des draps d&#8217;examen :<\/p>\n<p>Mat\u00e9riaux:<br \/>\nG\u00e9n\u00e9ralement fabriqu\u00e9s en pure ouate de cellulose, parfois avec plusieurs plis (ex: 2 plis) pour une meilleure absorption et r\u00e9sistance. Certains peuvent \u00eatre plastifi\u00e9s pour une imperm\u00e9abilit\u00e9 accrue.<br \/>\nDimensions :<br \/>\nDisponibles en diff\u00e9rentes laizes (largeurs), couramment 50 cm ou 50 cm, et en rouleaux de diverses longueurs, souvent pr\u00e9d\u00e9coup\u00e9s en formats standards , pour faciliter l&#8217;utilisation et l&#8217;hygi\u00e8ne.<\/p>\n<p>Type :<br \/>\nSont lisses pour une meilleure tenue et absorption.<\/p>\n<p>Hygi\u00e8ne :<br \/>\nCon\u00e7us pour un usage unique afin de garantir une propret\u00e9 maximale et pr\u00e9venir la contamination crois\u00e9e entre les patients.<\/p>\n<p>Conditionnement :<br \/>\nSouvent vendus en cartons contenant plusieurs rouleaux.<\/p>\n","protected":false},"featured_media":17829,"comment_status":"open","ping_status":"closed","template":"","meta":[],"product_brand":[],"product_cat":[167],"product_tag":[],"class_list":{"0":"post-17828","1":"product","2":"type-product","3":"status-publish","4":"has-post-thumbnail","6":"product_cat-consumables","8":"first","9":"instock","10":"taxable","11":"shipping-taxable","12":"product-type-simple"},"_links":{"self":[{"href":"https:\/\/orickmedicosarl.com\/index.php\/wp-json\/wp\/v2\/product\/17828","targetHints":{"allow":["GET"]}}],"collection":[{"href":"https:\/\/orickmedicosarl.com\/index.php\/wp-json\/wp\/v2\/product"}],"about":[{"href":"https:\/\/orickmedicosarl.com\/index.php\/wp-json\/wp\/v2\/types\/product"}],"replies":[{"embeddable":true,"href":"https:\/\/orickmedicosarl.com\/index.php\/wp-json\/wp\/v2\/comments?post=17828"}],"version-history":[{"count":1,"href":"https:\/\/orickmedicosarl.com\/index.php\/wp-json\/wp\/v2\/product\/17828\/revisions"}],"predecessor-version":[{"id":17830,"href":"https:\/\/orickmedicosarl.com\/index.php\/wp-json\/wp\/v2\/product\/17828\/revisions\/17830"}],"wp:featuredmedia":[{"embeddable":true,"href":"https:\/\/orickmedicosarl.com\/index.php\/wp-json\/wp\/v2\/media\/17829"}],"wp:attachment":[{"href":"https:\/\/orickmedicosarl.com\/index.php\/wp-json\/wp\/v2\/media?parent=17828"}],"wp:term":[{"taxonomy":"product_brand","embeddable":true,"href":"https:\/\/orickmedicosarl.com\/index.php\/wp-json\/wp\/v2\/product_brand?post=17828"},{"taxonomy":"product_cat","embeddable":true,"href":"https:\/\/orickmedicosarl.com\/index.php\/wp-json\/wp\/v2\/product_cat?post=17828"},{"taxonomy":"product_tag","embeddable":true,"href":"https:\/\/orickmedicosarl.com\/index.php\/wp-json\/wp\/v2\/product_tag?post=17828"}],"curies":[{"name":"wp","href":"https:\/\/api.w.org\/{rel}","templated":true}]}}