{"id":17920,"date":"2025-08-20T11:48:46","date_gmt":"2025-08-20T11:48:46","guid":{"rendered":"https:\/\/orickmedicosarl.com\/?post_type=product&#038;p=17920"},"modified":"2025-08-20T11:48:46","modified_gmt":"2025-08-20T11:48:46","slug":"lampe-torche-stylo","status":"publish","type":"product","link":"https:\/\/orickmedicosarl.com\/index.php\/product\/lampe-torche-stylo\/","title":{"rendered":"Lampe Torche Stylo"},"content":{"rendered":"<p>Les caract\u00e9ristiques de la lampe torche stylo sont les suivantes :<\/p>\n<p><strong>Conception compacte et portable :<\/strong> Il s&#8217;agit d&#8217;un otoscope de poche, l\u00e9ger et facile \u00e0 transporter, id\u00e9al pour une utilisation \u00e0 domicile ou en d\u00e9placement.<\/p>\n<p><strong>\u00c9clairage LED :<\/strong> Il utilise une lumi\u00e8re LED blanche douce, r\u00e9sistante aux chocs et \u00e9conome en \u00e9nergie, ce qui prolonge la dur\u00e9e de vie des piles et ne n\u00e9cessite pas de remplacement fr\u00e9quent de l&#8217;ampoule.<br \/>\n<strong>Lentille optique de qualit\u00e9 :<\/strong> \u00c9quip\u00e9 d&#8217;une lentille en verre optique de haute qualit\u00e9, il offre une vue claire et nette de la membrane tympanique et du conduit auditif.<\/p>\n<p><strong>Inclus avec des sp\u00e9culums de diff\u00e9rentes tailles :<\/strong> Le kit comprend g\u00e9n\u00e9ralement des sp\u00e9culums jetables de plusieurs tailles (pour enfants et nourrissons), permettant une utilisation adapt\u00e9e \u00e0 diff\u00e9rents \u00e2ges.<\/p>\n<p><strong>Durabilit\u00e9 :<\/strong> Le corps de l&#8217;otoscope est en acier inoxydable, ce qui lui conf\u00e8re une bonne r\u00e9sistance.<\/p>\n<p><strong>\u00c9tui de protection :<\/strong> Il est fourni avec un \u00e9tui rigide pour le transport et la protection de l&#8217;appareil et de ses accessoires.<\/p>\n","protected":false},"excerpt":{"rendered":"<p>Les caract\u00e9ristiques de la lampe torche stylo sont les suivantes :<\/p>\n<p><strong>Conception compacte et portable :<\/strong> Il s&#8217;agit d&#8217;un otoscope de poche, l\u00e9ger et facile \u00e0 transporter, id\u00e9al pour une utilisation \u00e0 domicile ou en d\u00e9placement.<\/p>\n<p><strong>\u00c9clairage LED :<\/strong> Il utilise une lumi\u00e8re LED blanche douce, r\u00e9sistante aux chocs et \u00e9conome en \u00e9nergie, ce qui prolonge la dur\u00e9e de vie des piles et ne n\u00e9cessite pas de remplacement fr\u00e9quent de l&#8217;ampoule.<br \/>\n<strong>Lentille optique de qualit\u00e9 :<\/strong> \u00c9quip\u00e9 d&#8217;une lentille en verre optique de haute qualit\u00e9, il offre une vue claire et nette de la membrane tympanique et du conduit auditif.<\/p>\n<p><strong>Inclus avec des sp\u00e9culums de diff\u00e9rentes tailles :<\/strong> Le kit comprend g\u00e9n\u00e9ralement des sp\u00e9culums jetables de plusieurs tailles (pour enfants et nourrissons), permettant une utilisation adapt\u00e9e \u00e0 diff\u00e9rents \u00e2ges.<\/p>\n<p><strong>Durabilit\u00e9 :<\/strong> Le corps de l&#8217;otoscope est en acier inoxydable, ce qui lui conf\u00e8re une bonne r\u00e9sistance.<\/p>\n<p><strong>\u00c9tui de protection :<\/strong> Il est fourni avec un \u00e9tui rigide pour le transport et la protection de l&#8217;appareil et de ses accessoires.<\/p>\n","protected":false},"featured_media":17921,"comment_status":"open","ping_status":"closed","template":"","meta":[],"product_brand":[],"product_cat":[213],"product_tag":[],"class_list":{"0":"post-17920","1":"product","2":"type-product","3":"status-publish","4":"has-post-thumbnail","6":"product_cat-medicaldevices","8":"first","9":"instock","10":"taxable","11":"shipping-taxable","12":"product-type-simple"},"_links":{"self":[{"href":"https:\/\/orickmedicosarl.com\/index.php\/wp-json\/wp\/v2\/product\/17920","targetHints":{"allow":["GET"]}}],"collection":[{"href":"https:\/\/orickmedicosarl.com\/index.php\/wp-json\/wp\/v2\/product"}],"about":[{"href":"https:\/\/orickmedicosarl.com\/index.php\/wp-json\/wp\/v2\/types\/product"}],"replies":[{"embeddable":true,"href":"https:\/\/orickmedicosarl.com\/index.php\/wp-json\/wp\/v2\/comments?post=17920"}],"version-history":[{"count":1,"href":"https:\/\/orickmedicosarl.com\/index.php\/wp-json\/wp\/v2\/product\/17920\/revisions"}],"predecessor-version":[{"id":17922,"href":"https:\/\/orickmedicosarl.com\/index.php\/wp-json\/wp\/v2\/product\/17920\/revisions\/17922"}],"wp:featuredmedia":[{"embeddable":true,"href":"https:\/\/orickmedicosarl.com\/index.php\/wp-json\/wp\/v2\/media\/17921"}],"wp:attachment":[{"href":"https:\/\/orickmedicosarl.com\/index.php\/wp-json\/wp\/v2\/media?parent=17920"}],"wp:term":[{"taxonomy":"product_brand","embeddable":true,"href":"https:\/\/orickmedicosarl.com\/index.php\/wp-json\/wp\/v2\/product_brand?post=17920"},{"taxonomy":"product_cat","embeddable":true,"href":"https:\/\/orickmedicosarl.com\/index.php\/wp-json\/wp\/v2\/product_cat?post=17920"},{"taxonomy":"product_tag","embeddable":true,"href":"https:\/\/orickmedicosarl.com\/index.php\/wp-json\/wp\/v2\/product_tag?post=17920"}],"curies":[{"name":"wp","href":"https:\/\/api.w.org\/{rel}","templated":true}]}}