{"id":19000,"date":"2025-09-25T05:29:38","date_gmt":"2025-09-25T05:29:38","guid":{"rendered":"https:\/\/orickmedicosarl.com\/?post_type=product&#038;p=19000"},"modified":"2025-09-25T05:29:38","modified_gmt":"2025-09-25T05:29:38","slug":"instruments-tlif-peek-cage","status":"publish","type":"product","link":"https:\/\/orickmedicosarl.com\/index.php\/product\/instruments-tlif-peek-cage\/","title":{"rendered":"Instruments TLIF PEEK Cage"},"content":{"rendered":"<p>L&#8217;ensemble d&#8217;instruments TLIF PEEK Cage est un ensemble d&#8217;instruments chirurgicaux orthop\u00e9diques sp\u00e9cialis\u00e9s, principalement utilis\u00e9 <strong>pour la chirurgie de fusion intersomatique lombaire transforaminale (TLIF). <\/strong><br \/>\n<strong>Caract\u00e9ristiques principales :<\/strong><\/p>\n<p><strong>Mat\u00e9riaux de haute qualit\u00e9 :<\/strong> Les instruments sont fabriqu\u00e9s \u00e0 partir de mat\u00e9riaux durables, y compris l&#8217;acier inoxydable et le PEEK de qualit\u00e9 m\u00e9dicale (Poly\u00e9ther\u00e9therc\u00e9tone) pour les cages.<\/p>\n<p><strong>Pr\u00e9cision et exactitude :<\/strong> Con\u00e7us pour permettre aux chirurgiens d&#8217;effectuer la proc\u00e9dure TLIF avec une grande pr\u00e9cision.<\/p>\n<p><strong>Facilit\u00e9 d&#8217;utilisation :<\/strong> L&#8217;ensemble est con\u00e7u pour \u00eatre convivial, simplifiant les \u00e9tapes complexes de la chirurgie de fusion spinale.<br \/>\nPersonnalisation : Offre une vari\u00e9t\u00e9 d&#8217;options d&#8217;instruments pour r\u00e9pondre aux besoins et pr\u00e9f\u00e9rences sp\u00e9cifiques des \u00e9quipes chirurgicales.<\/p>\n<p><strong>St\u00e9rilisation :<\/strong> Les instruments sont con\u00e7us pour \u00eatre facilement st\u00e9rilisables, assurant l&#8217;hygi\u00e8ne et la s\u00e9curit\u00e9 lors des proc\u00e9dures chirurgicales.<\/p>\n<p><strong>Application :<\/strong> Principalement utilis\u00e9 en chirurgie de la colonne vert\u00e9brale pour des conditions telles que la maladie d\u00e9g\u00e9n\u00e9rative du disque, la st\u00e9nose spinale et le spondylolisth\u00e9sis.<\/p>\n<p><strong>Fonction de la cage TLIF PEEK :<\/strong> La cage PEEK est ins\u00e9r\u00e9e dans l&#8217;espace discal apr\u00e8s le retrait du disque bless\u00e9, visant \u00e0 restaurer et maintenir la hauteur discale normale, \u00e0 fournir une stabilit\u00e9 et \u00e0 favoriser la fusion vert\u00e9brale. Elle est \u00e9galement radiotransparente pour un suivi postop\u00e9ratoire ais\u00e9.<\/p>\n<p><strong>Contenu de l&#8217;ensemble:<\/strong> Comprend g\u00e9n\u00e9ralement des instruments tels que des al\u00e9soirs, des forets, des curettes, des ins\u00e9reurs d&#8217;implants, des \u00e9carteurs nerveux et des \u00e9carteurs d&#8217;espace discal.<\/p>\n","protected":false},"excerpt":{"rendered":"<p>L&#8217;ensemble d&#8217;instruments TLIF PEEK Cage est un ensemble d&#8217;instruments chirurgicaux orthop\u00e9diques sp\u00e9cialis\u00e9s, principalement utilis\u00e9 <strong>pour la chirurgie de fusion intersomatique lombaire transforaminale (TLIF). <\/strong><br \/>\n<strong>Caract\u00e9ristiques principales :<\/strong><\/p>\n<p><strong>Mat\u00e9riaux de haute qualit\u00e9 :<\/strong> Les instruments sont fabriqu\u00e9s \u00e0 partir de mat\u00e9riaux durables, y compris l&#8217;acier inoxydable et le PEEK de qualit\u00e9 m\u00e9dicale (Poly\u00e9ther\u00e9therc\u00e9tone) pour les cages.<\/p>\n<p><strong>Pr\u00e9cision et exactitude :<\/strong> Con\u00e7us pour permettre aux chirurgiens d&#8217;effectuer la proc\u00e9dure TLIF avec une grande pr\u00e9cision.<\/p>\n<p><strong>Facilit\u00e9 d&#8217;utilisation :<\/strong> L&#8217;ensemble est con\u00e7u pour \u00eatre convivial, simplifiant les \u00e9tapes complexes de la chirurgie de fusion spinale.<br \/>\nPersonnalisation : Offre une vari\u00e9t\u00e9 d&#8217;options d&#8217;instruments pour r\u00e9pondre aux besoins et pr\u00e9f\u00e9rences sp\u00e9cifiques des \u00e9quipes chirurgicales.<\/p>\n<p><strong>St\u00e9rilisation :<\/strong> Les instruments sont con\u00e7us pour \u00eatre facilement st\u00e9rilisables, assurant l&#8217;hygi\u00e8ne et la s\u00e9curit\u00e9 lors des proc\u00e9dures chirurgicales.<\/p>\n<p><strong>Application :<\/strong> Principalement utilis\u00e9 en chirurgie de la colonne vert\u00e9brale pour des conditions telles que la maladie d\u00e9g\u00e9n\u00e9rative du disque, la st\u00e9nose spinale et le spondylolisth\u00e9sis.<\/p>\n<p><strong>Fonction de la cage TLIF PEEK :<\/strong> La cage PEEK est ins\u00e9r\u00e9e dans l&#8217;espace discal apr\u00e8s le retrait du disque bless\u00e9, visant \u00e0 restaurer et maintenir la hauteur discale normale, \u00e0 fournir une stabilit\u00e9 et \u00e0 favoriser la fusion vert\u00e9brale. Elle est \u00e9galement radiotransparente pour un suivi postop\u00e9ratoire ais\u00e9.<\/p>\n<p><strong>Contenu de l&#8217;ensemble:<\/strong> Comprend g\u00e9n\u00e9ralement des instruments tels que des al\u00e9soirs, des forets, des curettes, des ins\u00e9reurs d&#8217;implants, des \u00e9carteurs nerveux et des \u00e9carteurs d&#8217;espace discal.<\/p>\n","protected":false},"featured_media":19001,"comment_status":"open","ping_status":"closed","template":"","meta":[],"product_brand":[],"product_cat":[208],"product_tag":[],"class_list":{"0":"post-19000","1":"product","2":"type-product","3":"status-publish","4":"has-post-thumbnail","6":"product_cat-implants","8":"first","9":"instock","10":"taxable","11":"shipping-taxable","12":"product-type-simple"},"_links":{"self":[{"href":"https:\/\/orickmedicosarl.com\/index.php\/wp-json\/wp\/v2\/product\/19000","targetHints":{"allow":["GET"]}}],"collection":[{"href":"https:\/\/orickmedicosarl.com\/index.php\/wp-json\/wp\/v2\/product"}],"about":[{"href":"https:\/\/orickmedicosarl.com\/index.php\/wp-json\/wp\/v2\/types\/product"}],"replies":[{"embeddable":true,"href":"https:\/\/orickmedicosarl.com\/index.php\/wp-json\/wp\/v2\/comments?post=19000"}],"version-history":[{"count":1,"href":"https:\/\/orickmedicosarl.com\/index.php\/wp-json\/wp\/v2\/product\/19000\/revisions"}],"predecessor-version":[{"id":19002,"href":"https:\/\/orickmedicosarl.com\/index.php\/wp-json\/wp\/v2\/product\/19000\/revisions\/19002"}],"wp:featuredmedia":[{"embeddable":true,"href":"https:\/\/orickmedicosarl.com\/index.php\/wp-json\/wp\/v2\/media\/19001"}],"wp:attachment":[{"href":"https:\/\/orickmedicosarl.com\/index.php\/wp-json\/wp\/v2\/media?parent=19000"}],"wp:term":[{"taxonomy":"product_brand","embeddable":true,"href":"https:\/\/orickmedicosarl.com\/index.php\/wp-json\/wp\/v2\/product_brand?post=19000"},{"taxonomy":"product_cat","embeddable":true,"href":"https:\/\/orickmedicosarl.com\/index.php\/wp-json\/wp\/v2\/product_cat?post=19000"},{"taxonomy":"product_tag","embeddable":true,"href":"https:\/\/orickmedicosarl.com\/index.php\/wp-json\/wp\/v2\/product_tag?post=19000"}],"curies":[{"name":"wp","href":"https:\/\/api.w.org\/{rel}","templated":true}]}}